{"id":142,"date":"2017-02-26T20:58:06","date_gmt":"2017-02-26T19:58:06","guid":{"rendered":"http:\/\/www.scottacime.cz.forrest.miniserver.cz\/?page_id=142"},"modified":"2017-02-26T20:58:06","modified_gmt":"2017-02-26T19:58:06","slug":"technika","status":"publish","type":"page","link":"https:\/\/www.scottacime.cz\/?page_id=142","title":{"rendered":"Technika"},"content":{"rendered":"<p>pou\u017eit\u00e9 vybaven\u00ed a recenze<\/p>\n","protected":false},"excerpt":{"rendered":"<p>pou\u017eit\u00e9 vybaven\u00ed a recenze<\/p>\n","protected":false},"author":1,"featured_media":0,"parent":0,"menu_order":0,"comment_status":"closed","ping_status":"closed","template":"","meta":[],"_links":{"self":[{"href":"https:\/\/www.scottacime.cz\/index.php?rest_route=\/wp\/v2\/pages\/142"}],"collection":[{"href":"https:\/\/www.scottacime.cz\/index.php?rest_route=\/wp\/v2\/pages"}],"about":[{"href":"https:\/\/www.scottacime.cz\/index.php?rest_route=\/wp\/v2\/types\/page"}],"author":[{"embeddable":true,"href":"https:\/\/www.scottacime.cz\/index.php?rest_route=\/wp\/v2\/users\/1"}],"replies":[{"embeddable":true,"href":"https:\/\/www.scottacime.cz\/index.php?rest_route=%2Fwp%2Fv2%2Fcomments&post=142"}],"version-history":[{"count":1,"href":"https:\/\/www.scottacime.cz\/index.php?rest_route=\/wp\/v2\/pages\/142\/revisions"}],"predecessor-version":[{"id":143,"href":"https:\/\/www.scottacime.cz\/index.php?rest_route=\/wp\/v2\/pages\/142\/revisions\/143"}],"wp:attachment":[{"href":"https:\/\/www.scottacime.cz\/index.php?rest_route=%2Fwp%2Fv2%2Fmedia&parent=142"}],"curies":[{"name":"wp","href":"https:\/\/api.w.org\/{rel}","templated":true}]}}