{"id":2,"date":"2017-02-25T01:51:44","date_gmt":"2017-02-25T01:51:44","guid":{"rendered":"http:\/\/www.scottacime.cz.forrest.miniserver.cz\/?page_id=2"},"modified":"2017-02-25T21:11:04","modified_gmt":"2017-02-25T21:11:04","slug":"sample-page","status":"publish","type":"page","link":"https:\/\/www.scottacime.cz\/?page_id=2","title":{"rendered":"Z\u00e1vody a akce"},"content":{"rendered":"<p><strong>Pl\u00e1novan\u00e9 a absolvovan\u00e9 2013<\/strong><br \/>\n6.dubna &#8211; Horsk\u00e1 v\u00fdzva Jesen\u00edky &#8211; nedokon\u010dil<br \/>\n13. dubna &#8211; Bakovsk\u00fd p\u016flmaraton &#8211; \u010das 1:36:22<br \/>\n1.\u010dervna &#8211; RunTour Hradec Kr\u00e1lov\u00e9 10km &#8211; \u010das 41:35<br \/>\n22.\u010dervna &#8211; D\u0159ev\u011bn\u00fd mu\u017e &#8211; triatlon 1-108 -12 km &#8211; 16. m\u00edsto, \u010das 4:17, b\u011bh 59 min.<br \/>\n1-7.\u010dervence &#8211; ALTA VIA<br \/>\n24.srpna &#8211; PILMAN &#8211; polovi\u010dn\u00ed Ironman, M\u010cR &#8211; 5:34:43 &#8211;<br \/>\nPlav 0:44:11 (22) Depo 0:03:26 (21) Kolo 3:05:52 (15) Depo 0:01:41 (13) Beh 1:39:31 (17)<br \/>\n31.srpna &#8211; P\u016flmaraton Moravsk\u00fdm krasem &#8211; Blansko &#8211; \u010das 1:32:17 &#8211; <strong>OR<\/strong><br \/>\n15.z\u00e1\u0159\u00ed &#8211; P\u016flmaraton \u00dast\u00ed nad Labem &#8211; \u010das 1:29:27 &#8211; <strong>OR<\/strong><br \/>\n5.\u0159\u00edjna &#8211; RunTour Praha &#8211; \u010das 41:05<br \/>\n12. \u0159\u00edjna &#8211; Bene\u0161ovsk\u00fd maraton Pojize\u0159\u00edm &#8211; \u010das 3:17:47 &#8211; <strong>OR<\/strong><br \/>\n20.\u0159\u00edjna &#8211; Hru\u0161tice 15km &#8211; 1:04:02 &#8211; <strong>OR<\/strong><br \/>\n10.listopadu &#8211; Velk\u00e1 kunratick\u00e1 &#8211; 17:13 (bolav\u00fd koleno a ztracen\u00e1 bota)<br \/>\nprosinec -Pra\u017esk\u00e1 100 &#8211; nemoc<\/p>\n<p><strong>Pl\u00e1novan\u00e9 a absolvovan\u00e9 2012<\/strong><br \/>\n10.b\u0159ezna &#8211; Pe\u010deck\u00e1 10 &#8211; \u010das 40:57, 180. m\u00edsto (700), 37. v kategorii &#8211; nov\u00fd OR<br \/>\n31.b\u0159ezna &#8211; PIM p\u016flmaraton &#8211; \u010das 1:35:05, 855. (z 8200), 104. v kategorii M40 (z 900) &#8211; nov\u00fd OR<br \/>\n7. dubna &#8211; Bakovsk\u00fd p\u016flmaraton &#8211; \u010das 1:32:22 &#8211; nov\u00fd OR<br \/>\n13.kv\u011btna &#8211; PIM maraton &#8211; \u010das 3:21:04 &#8211; OR , 701. celkov\u011b (7000), 126. v kategorii M40 (z 800)<br \/>\n2.\u010dervna &#8211; Silva Nortica Run &#8211; Ultra 103 &#8211; 39. m\u00edsto, \u010das 12:34:55<br \/>\n30.\u010dervna &#8211; D\u0159ev\u011bn\u00fd mu\u017e &#8211; triatlon 1-108 -12 km &#8211; 13. m\u00edsto, \u010das 4:07, b\u011bh 55 min.<br \/>\n10.srpna &#8211; Horsk\u00e1 v\u00fdzva \u0160pindler\u016fv Ml\u00fdn &#8211; horsk\u00e9 ULTRA dvojic 65km, se Zdendou K\u0159\u00ed\u017eem, \u010das 8:02:56, 4.m\u00edsto<br \/>\n2. z\u00e1\u0159\u00ed &#8211; P\u016flmaraton Moravsk\u00fdm krasem &#8211; Blansko &#8211; 72.m\u00edsto (600), 18. v kat. M40, \u010das 1:32:38<br \/>\n8.z\u00e1\u0159\u00ed &#8211; PIM 10km Praha &#8211; \u010das 41:37, tra\u0165. OR, 183. z 3000, v kategorii M40 15.m\u00edsto<br \/>\n15.z\u00e1\u0159\u00ed &#8211; J\u00e1\u010dma Invitational<br \/>\n22.z\u00e1\u0159\u00ed &#8211; RunTour Hradec Kr\u00e1lov\u00e9 10 km &#8211; \u010das 40:10, nov\u00fd OR, 35. m\u00edsto (350), 5. v kategorii<br \/>\n14. \u0159\u00edjna &#8211; Lake Garda Marathon &#8211; \u010das 3:22:36, 103. celkov\u011b, 35. v kategorii<br \/>\n11.listopadu &#8211; Velk\u00e1 Kunratick\u00e1 &#8211; 16:23<\/p>\n<p><strong>Pl\u00e1novan\u00e9 a absolvovan\u00e9 2011<\/strong><br \/>\n2. dubna &#8211; Pra\u017esk\u00fd Hervis p\u016flmaraton &#8211; \u010das: 1:41:58<br \/>\n7. dubna &#8211; Bakovsk\u00fd p\u016flmaraton &#8211; \u010das 1:38:15 &#8211; nov\u00fd OR<br \/>\n30.dubna &#8211; Bike Festival Lago di Garda (IT) &#8211; MTB maraton &#8211; 81. m\u00edsto, 4:59:18, Ronda Grande, 86 km, p\u0159ev. 2700 m<br \/>\n8.kv\u011btna &#8211; Pra\u017esk\u00fd maraton &#8211; \u010das 3:51:17<br \/>\n22.kv\u011btna &#8211; Bezd\u011bz 50 &#8211; MTB &#8211; \u010das 1:45:26, 13. m\u00edsto v kategorii M40, 48. m\u00edsto celkov\u011b<br \/>\n4.\u010dervna &#8211; Silva Nortica Run &#8211; 1\/2 maraton Novohradsk\u00e9 Hory &#8211; \u010das 1:43:55, 13. m\u00edsto celkov\u011b, 5. v kategorii<br \/>\n25.\u010dervna &#8211; D\u0159ev\u011bn\u00fd mu\u017e P\u0159\u00edhrazy &#8211; triatlon 1-108-12 &#8211; \u010das 4:13, b\u011bh 57:04, 13. m\u00edsto<br \/>\n3.z\u00e1\u0159\u00ed &#8211; Parkmaraton Kr\u00e1sn\u00e1 L\u00edpa &#8211; \u010das 3:34:17, celkov\u011b 7. m\u00edsto, 2. v kategorii M40+<br \/>\n10.z\u00e1\u0159\u00ed &#8211; PIM 10 km Praha &#8211; \u010das 42:16, celkov\u011b 230. m\u00edsto (z 3200 M), 23. v kategorii M40+<br \/>\n9.\u0159\u00edjna &#8211; Lake Garda Maraton &#8211; \u010das 3:26:38, celkov\u011b 175. (z 810 M), 47. v kategorii M40+<br \/>\n29.\u0159\u00edjna &#8211; \u0160utr 54 &#8211; \u0161\u00e1reckohanspaulsk\u00fd ultratrail &#8211; nezada\u0159ilo se<br \/>\n13. holostromu &#8211; Velk\u00e1 Kunratick\u00e1 &#8211; \u010das 15:55, celkov\u011b 276. (1800), 47. v kategorii M40+ (347)<br \/>\nnespecifikov\u00e1no &#8211; p\u0159eb\u011bh Krkono\u0161 &#8211; Pomezn\u00ed Boudy &#8211; Harachov<br \/>\ndal\u0161\u00ed co p\u0159inese chu\u0165 a \u017eivot&#8230;<\/p>\n","protected":false},"excerpt":{"rendered":"<p>Pl\u00e1novan\u00e9 a absolvovan\u00e9 2013 6.dubna &#8211; Horsk\u00e1 v\u00fdzva Jesen\u00edky &#8211; nedokon\u010dil 13. dubna &#8211; Bakovsk\u00fd p\u016flmaraton &#8211; \u010das 1:36:22 1.\u010dervna &#8211; RunTour Hradec Kr\u00e1lov\u00e9 10km &#8211; \u010das 41:35 22.\u010dervna &#8211; D\u0159ev\u011bn\u00fd mu\u017e &#8211; triatlon 1-108 -12 km &#8211; 16. m\u00edsto, \u010das 4:17, b\u011bh 59 min. 1-7.\u010dervence &#8211; ALTA VIA 24.srpna [&hellip;]<\/p>\n","protected":false},"author":1,"featured_media":0,"parent":0,"menu_order":0,"comment_status":"closed","ping_status":"open","template":"","meta":[],"_links":{"self":[{"href":"https:\/\/www.scottacime.cz\/index.php?rest_route=\/wp\/v2\/pages\/2"}],"collection":[{"href":"https:\/\/www.scottacime.cz\/index.php?rest_route=\/wp\/v2\/pages"}],"about":[{"href":"https:\/\/www.scottacime.cz\/index.php?rest_route=\/wp\/v2\/types\/page"}],"author":[{"embeddable":true,"href":"https:\/\/www.scottacime.cz\/index.php?rest_route=\/wp\/v2\/users\/1"}],"replies":[{"embeddable":true,"href":"https:\/\/www.scottacime.cz\/index.php?rest_route=%2Fwp%2Fv2%2Fcomments&post=2"}],"version-history":[{"count":2,"href":"https:\/\/www.scottacime.cz\/index.php?rest_route=\/wp\/v2\/pages\/2\/revisions"}],"predecessor-version":[{"id":43,"href":"https:\/\/www.scottacime.cz\/index.php?rest_route=\/wp\/v2\/pages\/2\/revisions\/43"}],"wp:attachment":[{"href":"https:\/\/www.scottacime.cz\/index.php?rest_route=%2Fwp%2Fv2%2Fmedia&parent=2"}],"curies":[{"name":"wp","href":"https:\/\/api.w.org\/{rel}","templated":true}]}}