{"id":39,"date":"2017-02-25T20:58:57","date_gmt":"2017-02-25T20:58:57","guid":{"rendered":"http:\/\/www.scottacime.cz.forrest.miniserver.cz\/?page_id=39"},"modified":"2017-05-25T00:23:35","modified_gmt":"2017-05-24T23:23:35","slug":"39-2","status":"publish","type":"page","link":"https:\/\/www.scottacime.cz\/","title":{"rendered":"Scottacime &#8211; str\u00e1nky o b\u011bh\u00e1n\u00ed a o \u017eivot\u011b"},"content":{"rendered":"<p>V\u0161echno je jinak a p\u0159itom na dobr\u00e9 cest\u011b. Co bylo d\u0159\u00edv, zd\u00e1 se najednou nepodstatn\u00e9. Priority a \u017eivot p\u0159eor\u00e1ny, ale b\u011bh z\u016fst\u00e1v\u00e1.<\/p>\n<p>V\u0161e za\u010dalo v roce 2011 chut\u00ed zab\u011bhnout Pra\u017esk\u00fd p\u016flmaraton. Po \u00fasp\u011b\u0161n\u00e9m absolvov\u00e1n\u00ed se objevily nov\u00e9 c\u00edle a v\u00fdzvy. N\u011bkter\u00e9 se povedly, jin\u00e9 zapadly \u010di z\u016fstaly ve skryt\u00fdch pl\u00e1nech. P\u0159i\u0161ly obrovsk\u00e9 \u017eivotn\u00ed kotrmelce. Ale \u017eivot b\u011b\u017e\u00ed a tak b\u011b\u017e\u00edm taky.<\/p>\n<p><img src=\"http:\/\/www.scottacime.cz.forrest.miniserver.cz\/wp-content\/uploads\/2017\/02\/altavia.jpg\" alt=\"altavia\" \/><\/p>\n<p>P\u016fvodn\u00ed verze str\u00e1nek zat\u00edm z\u016fst\u00e1v\u00e1 se v\u0161emi doposud nep\u0159enesen\u00fdmi blogy na <a href=\"http:\/\/scottacime.webnode.cz\" target=\"_blank\">scottacime.webnode.cz<\/a><\/p>\n","protected":false},"excerpt":{"rendered":"<p>V\u0161echno je jinak a p\u0159itom na dobr\u00e9 cest\u011b. Co bylo d\u0159\u00edv, zd\u00e1 se najednou nepodstatn\u00e9. Priority a \u017eivot p\u0159eor\u00e1ny, ale b\u011bh z\u016fst\u00e1v\u00e1. V\u0161e za\u010dalo v roce 2011 chut\u00ed zab\u011bhnout Pra\u017esk\u00fd p\u016flmaraton. Po \u00fasp\u011b\u0161n\u00e9m absolvov\u00e1n\u00ed se objevily nov\u00e9 c\u00edle a v\u00fdzvy. N\u011bkter\u00e9 se povedly, jin\u00e9 zapadly \u010di z\u016fstaly ve skryt\u00fdch pl\u00e1nech. [&hellip;]<\/p>\n","protected":false},"author":1,"featured_media":139,"parent":0,"menu_order":0,"comment_status":"closed","ping_status":"closed","template":"","meta":[],"_links":{"self":[{"href":"https:\/\/www.scottacime.cz\/index.php?rest_route=\/wp\/v2\/pages\/39"}],"collection":[{"href":"https:\/\/www.scottacime.cz\/index.php?rest_route=\/wp\/v2\/pages"}],"about":[{"href":"https:\/\/www.scottacime.cz\/index.php?rest_route=\/wp\/v2\/types\/page"}],"author":[{"embeddable":true,"href":"https:\/\/www.scottacime.cz\/index.php?rest_route=\/wp\/v2\/users\/1"}],"replies":[{"embeddable":true,"href":"https:\/\/www.scottacime.cz\/index.php?rest_route=%2Fwp%2Fv2%2Fcomments&post=39"}],"version-history":[{"count":11,"href":"https:\/\/www.scottacime.cz\/index.php?rest_route=\/wp\/v2\/pages\/39\/revisions"}],"predecessor-version":[{"id":207,"href":"https:\/\/www.scottacime.cz\/index.php?rest_route=\/wp\/v2\/pages\/39\/revisions\/207"}],"wp:featuredmedia":[{"embeddable":true,"href":"https:\/\/www.scottacime.cz\/index.php?rest_route=\/wp\/v2\/media\/139"}],"wp:attachment":[{"href":"https:\/\/www.scottacime.cz\/index.php?rest_route=%2Fwp%2Fv2%2Fmedia&parent=39"}],"curies":[{"name":"wp","href":"https:\/\/api.w.org\/{rel}","templated":true}]}}