{"id":44,"date":"2017-02-25T21:15:41","date_gmt":"2017-02-25T21:15:41","guid":{"rendered":"http:\/\/www.scottacime.cz.forrest.miniserver.cz\/?page_id=44"},"modified":"2017-02-25T23:26:36","modified_gmt":"2017-02-25T23:26:36","slug":"trenink","status":"publish","type":"page","link":"https:\/\/www.scottacime.cz\/?page_id=44","title":{"rendered":"Tr\u00e9nink"},"content":{"rendered":"<p><strong>Rok 2016<\/strong> &#8211; 2000 km<\/p>\n<p><strong>Rok 2015<\/strong> &#8211; 800 km<\/p>\n<p><strong>Rok 2013<\/strong> &#8211; x km<\/p>\n<p><strong>Rok 2012<\/strong> &#8211; celkem 3267 km b\u011bhu a 2484 km kola<\/p>\n<p><strong>Rok 2011<\/strong> &#8211; celkem 2596 km b\u011bhu, silni\u010dn\u00ed kolo 3508 km a\u00a0MTB 1350 km<\/p>\n","protected":false},"excerpt":{"rendered":"<p>Rok 2016 &#8211; 2000 km Rok 2015 &#8211; 800 km Rok 2013 &#8211; x km Rok 2012 &#8211; celkem 3267 km b\u011bhu a 2484 km kola Rok 2011 &#8211; celkem 2596 km b\u011bhu, silni\u010dn\u00ed kolo 3508 km a\u00a0MTB 1350 km<\/p>\n","protected":false},"author":1,"featured_media":13,"parent":0,"menu_order":0,"comment_status":"closed","ping_status":"closed","template":"","meta":[],"_links":{"self":[{"href":"https:\/\/www.scottacime.cz\/index.php?rest_route=\/wp\/v2\/pages\/44"}],"collection":[{"href":"https:\/\/www.scottacime.cz\/index.php?rest_route=\/wp\/v2\/pages"}],"about":[{"href":"https:\/\/www.scottacime.cz\/index.php?rest_route=\/wp\/v2\/types\/page"}],"author":[{"embeddable":true,"href":"https:\/\/www.scottacime.cz\/index.php?rest_route=\/wp\/v2\/users\/1"}],"replies":[{"embeddable":true,"href":"https:\/\/www.scottacime.cz\/index.php?rest_route=%2Fwp%2Fv2%2Fcomments&post=44"}],"version-history":[{"count":5,"href":"https:\/\/www.scottacime.cz\/index.php?rest_route=\/wp\/v2\/pages\/44\/revisions"}],"predecessor-version":[{"id":98,"href":"https:\/\/www.scottacime.cz\/index.php?rest_route=\/wp\/v2\/pages\/44\/revisions\/98"}],"wp:featuredmedia":[{"embeddable":true,"href":"https:\/\/www.scottacime.cz\/index.php?rest_route=\/wp\/v2\/media\/13"}],"wp:attachment":[{"href":"https:\/\/www.scottacime.cz\/index.php?rest_route=%2Fwp%2Fv2%2Fmedia&parent=44"}],"curies":[{"name":"wp","href":"https:\/\/api.w.org\/{rel}","templated":true}]}}