{"id":75,"date":"2017-02-25T22:55:37","date_gmt":"2017-02-25T22:55:37","guid":{"rendered":"http:\/\/www.scottacime.cz.forrest.miniserver.cz\/?page_id=75"},"modified":"2017-02-25T23:00:06","modified_gmt":"2017-02-25T23:00:06","slug":"2012-2","status":"publish","type":"page","link":"https:\/\/www.scottacime.cz\/?page_id=75","title":{"rendered":"2012"},"content":{"rendered":"<h6>Celkem 3267 km b\u011bhu a 2484 km kola<\/h6>\n<p><strong>Prosinec 2012<\/strong><br \/>\nb\u011bh \u2013 312 km (3267 km od ledna), kolo \u2013 35 km (celkem 2484)<br \/>\n<strong>Listopad 2012<\/strong><br \/>\nb\u011bh \u2013 250 km (2855 km od ledna), kolo \u2013 0 km (celkem 2449)<br \/>\n<strong>\u0158\u00edjen 2012<\/strong><br \/>\nb\u011bh \u2013 237 km (2705 km od ledna), kolo \u2013 0 km (celkem 2449)<br \/>\n<strong>Z\u00e1\u0159\u00ed 2012<\/strong><br \/>\nb\u011bh \u2013 255 km (2468 km od ledna), kolo \u2013 33 km (celkem 2449)<br \/>\n<strong>Srpen 2012<\/strong><br \/>\nb\u011bh \u2013 248 km (2213 km od ledna), kolo \u2013 442 km (celkem 2416)<br \/>\n<strong>\u010cervenec 2012<\/strong><br \/>\nb\u011bh \u2013 324 km (1965 km od ledna), kolo \u2013 272 km (celkem 1974)<br \/>\n<strong>\u010cerven 2012<\/strong><br \/>\nb\u011bh \u2013 221 km (1641 km od ledna), kolo \u2013 741 km (celkem 1702)<br \/>\n<strong>Kv\u011bten 2012<\/strong><br \/>\nb\u011bh \u2013 239 km (1420 km od ledna), kolo \u2013 194 km (celkem 961)<br \/>\n<strong>Duben 2012<\/strong><br \/>\nb\u011bh \u2013 283 km (1181 km od ledna), kolo \u2013 449 km (celkem 767)<br \/>\n<strong>B\u0159ezen 2012<\/strong><br \/>\nb\u011bh \u2013 241 km (898 km od ledna), kolo \u2013 318 km<br \/>\n<strong>\u00danor 2012<\/strong><br \/>\nb\u011bh \u2013 255 km (657 km od ledna), b\u011b\u017eky -41 km, nemoc \u2013 rameno<br \/>\n<strong>Leden 2012<\/strong><br \/>\nb\u011bh \u2013 402 km (402 km od ledna), b\u011b\u017eky -100 km , plav\u00e1n\u00ed \u2013 2x<\/p>\n","protected":false},"excerpt":{"rendered":"<p>Celkem 3267 km b\u011bhu a 2484 km kola Prosinec 2012 b\u011bh \u2013 312 km (3267 km od ledna), kolo \u2013 35 km (celkem 2484) Listopad 2012 b\u011bh \u2013 250 km (2855 km od ledna), kolo \u2013 0 km (celkem 2449) \u0158\u00edjen 2012 b\u011bh \u2013 237 km (2705 km od ledna), [&hellip;]<\/p>\n","protected":false},"author":1,"featured_media":13,"parent":44,"menu_order":0,"comment_status":"closed","ping_status":"closed","template":"","meta":[],"_links":{"self":[{"href":"https:\/\/www.scottacime.cz\/index.php?rest_route=\/wp\/v2\/pages\/75"}],"collection":[{"href":"https:\/\/www.scottacime.cz\/index.php?rest_route=\/wp\/v2\/pages"}],"about":[{"href":"https:\/\/www.scottacime.cz\/index.php?rest_route=\/wp\/v2\/types\/page"}],"author":[{"embeddable":true,"href":"https:\/\/www.scottacime.cz\/index.php?rest_route=\/wp\/v2\/users\/1"}],"replies":[{"embeddable":true,"href":"https:\/\/www.scottacime.cz\/index.php?rest_route=%2Fwp%2Fv2%2Fcomments&post=75"}],"version-history":[{"count":3,"href":"https:\/\/www.scottacime.cz\/index.php?rest_route=\/wp\/v2\/pages\/75\/revisions"}],"predecessor-version":[{"id":80,"href":"https:\/\/www.scottacime.cz\/index.php?rest_route=\/wp\/v2\/pages\/75\/revisions\/80"}],"up":[{"embeddable":true,"href":"https:\/\/www.scottacime.cz\/index.php?rest_route=\/wp\/v2\/pages\/44"}],"wp:featuredmedia":[{"embeddable":true,"href":"https:\/\/www.scottacime.cz\/index.php?rest_route=\/wp\/v2\/media\/13"}],"wp:attachment":[{"href":"https:\/\/www.scottacime.cz\/index.php?rest_route=%2Fwp%2Fv2%2Fmedia&parent=75"}],"curies":[{"name":"wp","href":"https:\/\/api.w.org\/{rel}","templated":true}]}}