{"id":83,"date":"2017-02-25T23:10:59","date_gmt":"2017-02-25T23:10:59","guid":{"rendered":"http:\/\/www.scottacime.cz.forrest.miniserver.cz\/?page_id=83"},"modified":"2017-02-25T23:23:33","modified_gmt":"2017-02-25T23:23:33","slug":"2011-2","status":"publish","type":"page","link":"https:\/\/www.scottacime.cz\/?page_id=83","title":{"rendered":"2011"},"content":{"rendered":"<h6>Celkem 2596 km b\u011bhu, silni\u010dn\u00ed kolo 3508 km a\u00a0MTB 1350 km<\/h6>\n<p>Prosinec 2011<br \/>\nb\u011bh &#8211; 282 km (2586 km za 2011)<br \/>\nListopad 2011 &#8211; relaxa\u010dn\u00ed m\u011bs\u00edc<br \/>\nb\u011bh &#8211; 104 km (2304 km od ledna), silni\u010dn\u00ed kolo kumulativn\u011b &#8211; 3508 km (40 km), MTB kumulativn\u011b &#8211; 1350 km (0 km)<br \/>\n\u0158\u00edjen 2011<br \/>\nb\u011bh &#8211; 261 km (2200 km od ledna), silni\u010dn\u00ed kolo kumulativn\u011b &#8211; 3468 km (0 km), MTB kumulativn\u011b &#8211; 1350 km (151 km)<br \/>\nZ\u00e1\u0159\u00ed 2011<br \/>\nb\u011bh &#8211; 320 km (1939 km od ledna), silni\u010dn\u00ed kolo kumulativn\u011b &#8211; 3468 km (113 km), MTB kumulativn\u011b &#8211; 1199 km (72 km)<br \/>\nSrpen 2011<br \/>\nb\u011bh &#8211; 294 km silni\u010dn\u00ed kolo kumulativn\u011b &#8211; 3355 km (490 km), MTB kumulativn\u011b &#8211; 1097 km (306 km)<br \/>\n\u010cervenec 2011<br \/>\nb\u011bh &#8211; 281 km silni\u010dn\u00ed kolo kumulativn\u011b &#8211; 2865 km, MTB kumulativn\u011b &#8211; 791 km<br \/>\n\u010cerven 2011<br \/>\nb\u011bh &#8211; 160 km silni\u010dn\u00ed kolo kumulativn\u011b &#8211; 2530 km, MTB kumulativn\u011b &#8211; 585 km<br \/>\nza p\u016fl roku nab\u011bh\u00e1no 1044 km<br \/>\nKv\u011bten 2011<br \/>\nb\u011bh &#8211; 158 km silni\u010dn\u00ed kolo kumulativn\u011b &#8211; 1600 km, MTB kumulativn\u011b &#8211; 561 km<br \/>\nDuben 2011<br \/>\nb\u011bh &#8211; 203 km silni\u010dn\u00ed kolo kumulativn\u011b &#8211; 1000 km, MTB kumulativn\u011b &#8211; 425 km<br \/>\nB\u0159ezen 2011<br \/>\nb\u011bh &#8211; 197 km silni\u010dn\u00ed kolo kumulativn\u011b &#8211; 550 km<br \/>\n\u00danor 2011<br \/>\nb\u011bh &#8211; 154 km<br \/>\nLeden 2011<br \/>\nb\u011bh &#8211; 172 km<\/p>\n","protected":false},"excerpt":{"rendered":"<p>Celkem 2596 km b\u011bhu, silni\u010dn\u00ed kolo 3508 km a\u00a0MTB 1350 km Prosinec 2011 b\u011bh &#8211; 282 km (2586 km za 2011) Listopad 2011 &#8211; relaxa\u010dn\u00ed m\u011bs\u00edc b\u011bh &#8211; 104 km (2304 km od ledna), silni\u010dn\u00ed kolo kumulativn\u011b &#8211; 3508 km (40 km), MTB kumulativn\u011b &#8211; 1350 km (0 km) \u0158\u00edjen [&hellip;]<\/p>\n","protected":false},"author":1,"featured_media":13,"parent":44,"menu_order":0,"comment_status":"closed","ping_status":"closed","template":"","meta":[],"_links":{"self":[{"href":"https:\/\/www.scottacime.cz\/index.php?rest_route=\/wp\/v2\/pages\/83"}],"collection":[{"href":"https:\/\/www.scottacime.cz\/index.php?rest_route=\/wp\/v2\/pages"}],"about":[{"href":"https:\/\/www.scottacime.cz\/index.php?rest_route=\/wp\/v2\/types\/page"}],"author":[{"embeddable":true,"href":"https:\/\/www.scottacime.cz\/index.php?rest_route=\/wp\/v2\/users\/1"}],"replies":[{"embeddable":true,"href":"https:\/\/www.scottacime.cz\/index.php?rest_route=%2Fwp%2Fv2%2Fcomments&post=83"}],"version-history":[{"count":5,"href":"https:\/\/www.scottacime.cz\/index.php?rest_route=\/wp\/v2\/pages\/83\/revisions"}],"predecessor-version":[{"id":93,"href":"https:\/\/www.scottacime.cz\/index.php?rest_route=\/wp\/v2\/pages\/83\/revisions\/93"}],"up":[{"embeddable":true,"href":"https:\/\/www.scottacime.cz\/index.php?rest_route=\/wp\/v2\/pages\/44"}],"wp:featuredmedia":[{"embeddable":true,"href":"https:\/\/www.scottacime.cz\/index.php?rest_route=\/wp\/v2\/media\/13"}],"wp:attachment":[{"href":"https:\/\/www.scottacime.cz\/index.php?rest_route=%2Fwp%2Fv2%2Fmedia&parent=83"}],"curies":[{"name":"wp","href":"https:\/\/api.w.org\/{rel}","templated":true}]}}