{"id":94,"date":"2017-02-25T23:25:08","date_gmt":"2017-02-25T23:25:08","guid":{"rendered":"http:\/\/www.scottacime.cz.forrest.miniserver.cz\/?page_id=94"},"modified":"2017-02-25T23:27:58","modified_gmt":"2017-02-25T23:27:58","slug":"2013-2","status":"publish","type":"page","link":"https:\/\/www.scottacime.cz\/?page_id=94","title":{"rendered":"2013"},"content":{"rendered":"<h6>Celkem x km b\u011bhu<\/h6>\n<p>\u0158\u00edjen 2013<br \/>\nb\u011bh \u2013 236 km<br \/>\nZ\u00e1\u0159\u00ed 2013<br \/>\nb\u011bh \u2013 202 km<br \/>\nSrpen 2013<br \/>\nb\u011bh \u2013 155 km<br \/>\n\u010cervenec 2013<br \/>\nb\u011bh \u2013 258 km<br \/>\n\u010cerven 2013<br \/>\nb\u011bh \u2013 164 km<br \/>\nKv\u011bten 2013<br \/>\nb\u011bh \u2013 253km<br \/>\nDuben 2013<br \/>\nb\u011bh \u2013 200 km<br \/>\nB\u0159ezen 2013<br \/>\nb\u011bh \u2013 402 km, kolo \u2013 130 km<br \/>\n\u00danor 2013<br \/>\nb\u011bh \u2013 401 km<br \/>\nLeden 2013<br \/>\nb\u011bh \u2013 600 km<\/p>\n","protected":false},"excerpt":{"rendered":"<p>Celkem x km b\u011bhu \u0158\u00edjen 2013 b\u011bh \u2013 236 km Z\u00e1\u0159\u00ed 2013 b\u011bh \u2013 202 km Srpen 2013 b\u011bh \u2013 155 km \u010cervenec 2013 b\u011bh \u2013 258 km \u010cerven 2013 b\u011bh \u2013 164 km Kv\u011bten 2013 b\u011bh \u2013 253km Duben 2013 b\u011bh \u2013 200 km B\u0159ezen 2013 b\u011bh \u2013 402 [&hellip;]<\/p>\n","protected":false},"author":1,"featured_media":13,"parent":44,"menu_order":0,"comment_status":"closed","ping_status":"closed","template":"","meta":[],"_links":{"self":[{"href":"https:\/\/www.scottacime.cz\/index.php?rest_route=\/wp\/v2\/pages\/94"}],"collection":[{"href":"https:\/\/www.scottacime.cz\/index.php?rest_route=\/wp\/v2\/pages"}],"about":[{"href":"https:\/\/www.scottacime.cz\/index.php?rest_route=\/wp\/v2\/types\/page"}],"author":[{"embeddable":true,"href":"https:\/\/www.scottacime.cz\/index.php?rest_route=\/wp\/v2\/users\/1"}],"replies":[{"embeddable":true,"href":"https:\/\/www.scottacime.cz\/index.php?rest_route=%2Fwp%2Fv2%2Fcomments&post=94"}],"version-history":[{"count":2,"href":"https:\/\/www.scottacime.cz\/index.php?rest_route=\/wp\/v2\/pages\/94\/revisions"}],"predecessor-version":[{"id":99,"href":"https:\/\/www.scottacime.cz\/index.php?rest_route=\/wp\/v2\/pages\/94\/revisions\/99"}],"up":[{"embeddable":true,"href":"https:\/\/www.scottacime.cz\/index.php?rest_route=\/wp\/v2\/pages\/44"}],"wp:featuredmedia":[{"embeddable":true,"href":"https:\/\/www.scottacime.cz\/index.php?rest_route=\/wp\/v2\/media\/13"}],"wp:attachment":[{"href":"https:\/\/www.scottacime.cz\/index.php?rest_route=%2Fwp%2Fv2%2Fmedia&parent=94"}],"curies":[{"name":"wp","href":"https:\/\/api.w.org\/{rel}","templated":true}]}}